{"id":18781,"date":"2021-05-14T22:09:20","date_gmt":"2021-05-14T22:09:20","guid":{"rendered":"https:\/\/vas-website.local\/it\/?page_id=18781"},"modified":"2023-12-06T15:40:16","modified_gmt":"2023-12-06T15:40:16","slug":"condizioni-d-uso","status":"publish","type":"page","link":"https:\/\/vas.com\/it\/condizioni-d-uso\/","title":{"rendered":"Condizioni d&#8217;uso"},"content":{"rendered":"\n<h3 class=\"wp-block-heading\">Condizioni d&#8217;uso del sito web di VAS<\/h3>\n\n\n\n<h4 class=\"wp-block-heading\" id=\"fancy-title-8\">La nostra missione<\/h4>\n\n\n\n<p>La missione di VAS \u00e8 aiutarvi a creare un&#8217;impresa di maggior valore. Ci impegniamo a lavorare con voi per aiutarvi a raggiungere i vostri obiettivi. In poche parole, la nostra attivit\u00e0 consiste nell&#8217;aiutarvi a migliorare la vostra. Lo facciamo, in parte, aiutandovi a creare valore dai dati che ci fornite attraverso il nostro software e i nostri servizi.<\/p>\n\n\n\n<p>VAS comprende quanto siano importanti la vostra privacy e i vostri dati. Per questo ci impegniamo a proteggere la privacy dei vostri dati e delle informazioni che condividete con VAS. Prendiamo sul serio la privacy e la propriet\u00e0 dei dati.<\/p>\n\n\n\n<p>Il nostro impegno per la protezione dei dati e della privacy include le nostre aspettative per voi e per gli altri quando utilizzate il nostro sito web.<\/p>\n\n\n\n<p>Il nostro sito web \u00e8 un luogo in cui possiamo iniziare una conversazione su come VAS pu\u00f2 aiutarvi: \u00e8 un luogo in cui potete scoprire come possiamo aiutarvi a migliorare la vostra azienda e in cui possiamo condividere con voi le straordinarie innovazioni e i servizi che stiamo creando per aiutarvi a crescere e migliorare.<\/p>\n\n\n\n<p>Tuttavia, per garantire che il nostro sito web possa svolgere questa funzione, VAS richiede le seguenti Condizioni d&#8217;uso per proteggere se stessa e tutti gli utenti del sito web da attivit\u00e0 dannose, offensive o di sfruttamento.<\/p>\n\n\n\n<p>Le presenti Condizioni d&#8217;uso fanno parte del nostro impegno costante per la trasparenza, la propriet\u00e0 dei dati e la privacy. Esse stabiliscono termini e condizioni per aiutare l&#8217;utente a comprendere i dettagli dei diritti e gli obblighi dell&#8217;utente e di VAS.<\/p>\n\n\n\n<p>Coprono i seguenti aspetti:<\/p>\n\n\n\n<ul class=\"wp-block-list\">\n<li>Incorporazione di una nuova e pi\u00f9 solida politica sulla privacy per proteggere i dati e la privacy<\/li>\n\n\n\n<li>Protezione del sito web, del software e dei sistemi VAS<\/li>\n\n\n\n<li>Norme di comportamento per proteggere tutti gli utenti del sito web.<\/li>\n\n\n\n<li>Informazioni di contatto<\/li>\n\n\n\n<li>Relazione tra le \u201cCondizioni d&#8217;uso\u201d e gli \u201cAccordi con gli utenti finali\u201d<\/li>\n<\/ul>\n\n\n\n<h5 class=\"wp-block-heading\" id=\"fancy-title-11\">Condizioni d&#8217;uso<\/h5>\n\n\n\n<p>Introduzione &#8211; Le presenti Condizioni d&#8217;uso regolano l&#8217;utilizzo del nostro sito web; utilizzando il nostro sito web, l&#8217;utente accetta integralmente le presenti Condizioni d&#8217;uso. Se non siete d&#8217;accordo con qualsiasi parte di esse, non utilizzate il nostro sito web.<\/p>\n\n\n\n<p>Propriet\u00e0 del sito web &#8211; Questo sito web \u00e8 di propriet\u00e0 e controllato da Valley Agricultural Software, Inc. o VAS, una societ\u00e0 Californiana.<\/p>\n\n\n\n<p>Diritti di propriet\u00e0 intellettuale &#8211; Se non diversamente specificato, noi o i nostri licenziatari possediamo i diritti di propriet\u00e0 intellettuale di questo sito web e del materiale in esso contenuto. Tutti i diritti di propriet\u00e0 intellettuale sono riservati ai sensi della licenza riportata di seguito.<\/p>\n\n\n\n<p>Licenza d&#8217;uso del sito web &#8211; \u00c8 possibile visualizzare, scaricare solo per scopi di caching e stampare le pagine del sito web, a condizione che:<\/p>\n\n\n\n<p>Non ripubblichiate il materiale di questo sito web (compresa la ripubblicazione su un altro sito web), non sia riprodotto o archiviato materiale presente in questo sito web in qualsiasi sistema di recupero elettronico pubblico o privato;<\/p>\n\n\n\n<p>Non dovete riprodurre, duplicare, copiare, vendere, rivendere, visitare, condividere o sfruttare in altro modo il nostro sito web o il materiale presente sul sito web per qualsiasi scopo commerciale, senza il nostro esplicito consenso scritto.<\/p>\n\n\n\n<p>Limitazioni di responsabilit\u00e0 &#8211; Le informazioni contenute in questo sito web sono fornite gratuitamente e l&#8217;utente riconosce che sarebbe irragionevole ritenerci responsabili in relazione a questo sito web e alle informazioni in esso contenute.<\/p>\n\n\n\n<p>Pur impegnandoci a garantire la correttezza delle informazioni contenute in questo sito, non ne garantiamo la completezza o l&#8217;accuratezza, n\u00e9 ci impegniamo a garantire che il sito rimanga disponibile o che il materiale in esso contenuto sia aggiornato.<\/p>\n\n\n\n<p>Nella misura massima consentita dalla legge applicabile, escludiamo tutte le dichiarazioni, le garanzie e le condizioni (incluse, senza limitazione, le condizioni implicite per legge di qualit\u00e0 soddisfacente, idoneit\u00e0 allo scopo e uso di ragionevole cura e abilit\u00e0).<\/p>\n\n\n\n<p>La nostra responsabilit\u00e0 \u00e8 limitata ed esclusa nella misura massima consentita dalla legge applicabile. Non saremo responsabili di alcuna perdita o danno diretto, indiretto o consequenziale derivante dalla presente clausola di esclusione della responsabilit\u00e0 o in connessione con il nostro sito web, sia esso derivante da illecito, contratto o altro &#8211; inclusa, senza limitazione, qualsiasi perdita di profitto, contratti, affari, avviamento, dati, reddito, entrate o risparmi previsti.<\/p>\n\n\n\n<p>L&#8217;utente esonera VAS e i suoi attuali ed ex funzionari, direttori, dipendenti, genitori, sussidiarie e altre persone ed entit\u00e0 affiliate da qualsiasi rivendicazione, anche se non rivelata o sconosciuta, derivante dall&#8217;uso di questo sito web. L&#8217;utente rinuncia inoltre a qualsiasi tutela legale che limiti le liberatorie generali in relazione alla presente liberatoria, incluso il Codice Civile della California Num. 1542 che recita: &#8220;Una liberatoria generale non si estende a rivendicazioni di cui il creditore non conosce o sospetta l&#8217;esistenza in suo favore al momento dell&#8217;esecuzione della liberatoria, che se fossero state conosciute da lui o da lei avrebbero influenzato materialmente il suo accordo con il debitore&#8221;.<\/p>\n\n\n\n<p>Nulla di quanto contenuto nella presente clausola di esclusione della responsabilit\u00e0 escluder\u00e0 o limiter\u00e0 la nostra responsabilit\u00e0 per frode, per morte o lesioni personali causate dalla nostra negligenza, o per qualsiasi altra responsabilit\u00e0 che non pu\u00f2 essere esclusa o limitata ai sensi della legge applicabile.<\/p>\n\n\n\n<p>Restrizioni d&#8217;uso &#8211; L&#8217;utilizzo di questo sito web deve avvenire nel rispetto delle seguenti restrizioni:<\/p>\n\n\n\n<p>Non dovete utilizzare il nostro sito web in alcun modo che causi, o possa causare, danni al sito web o compromettere la disponibilit\u00e0 o l&#8217;accessibilit\u00e0 del sito web.<\/p>\n\n\n\n<p>L&#8217;utente non deve utilizzare il nostro sito web per copiare, pubblicare o inviare materiale illegale o illecito, o materiale che potrebbe dar luogo ad azioni legali ai sensi della legge o di altre leggi applicabili. Tutto il materiale copiato, pubblicato o inviato tramite il nostro sito web non deve essere diffamatorio, osceno, indecente, odioso, discriminatorio o incendiario; inoltre, il materiale non deve violare i diritti di propriet\u00e0 intellettuale o i diritti di riservatezza di una persona, n\u00e9 violare la privacy di una persona o costituire un incitamento a commettere un crimine; inoltre, il materiale non deve essere fuorviante, ingannevole, pornografico, minaccioso, abusivo, molesto o minaccioso.<\/p>\n\n\n\n<p>Ci riserviamo il diritto di modificare o rimuovere qualsiasi materiale pubblicato sul nostro sito web.<\/p>\n\n\n\n<p>Possiamo intraprendere le azioni che riteniamo opportune per gestire la pubblicazione di materiale non idoneo, tra cui la sospensione o la cancellazione dell&#8217;account dell&#8217;utente, la limitazione del suo accesso al nostro sito web o l&#8217;avvio di procedimenti legali nei suoi confronti.<\/p>\n\n\n\n<p>In relazione a tutto il materiale pubblicato sul nostro sito web, l&#8217;utente ci concede una licenza mondiale, irrevocabile, non esclusiva ed esente da royalty per l&#8217;utilizzo, la riproduzione, l&#8217;adattamento, la pubblicazione, la traduzione e la distribuzione di tale materiale su qualsiasi supporto, unitamente al diritto di concedere in sublicenza tali diritti.<\/p>\n\n\n\n<p>L&#8217;utente non pu\u00f2 utilizzare alcuno scraping o data mining sul sito web o qualsiasi altra tecnica o metodo per prelevare dati di qualsiasi tipo dal sito web, inclusi web scraping, web harvesting o estrazione di dati web.<\/p>\n\n\n\n<p>Privacy &#8211; VAS mantiene una Politica sulla privacy che pubblica su questo sito web. Essa \u00e8 incorporata nelle presenti Condizioni d&#8217;uso come riferimento. L&#8217;Informativa sulla privacy di VAS viene aggiornata di tanto in tanto; si prega di controllare questo sito web per le modifiche: <a href=\"https:\/\/vas.com\/it\/privacy-policy\/\">https:\/\/vas.com\/it\/privacy-policy\/<\/a> <\/p>\n\n\n\n<p>Siti web di terzi &#8211; Questo sito web contiene link ad altri siti web. Non siamo responsabili del contenuto dei siti web di terze parti.<\/p>\n\n\n\n<p>Variazioni &#8211; Possiamo rivedere le presenti Condizioni d&#8217;uso di tanto in tanto. Si prega di controllare regolarmente questa pagina per assicurarsi di conoscere la versione attuale.<\/p>\n\n\n\n<p>Intero accordo &#8211; Le presenti Condizioni d&#8217;uso costituiscono l&#8217;intero accordo tra l&#8217;utente e noi in relazione all&#8217;uso del nostro sito web e sostituiscono tutti gli accordi precedenti relativi all&#8217;uso di questo sito web. Tuttavia, se l&#8217;utente ha stipulato con VAS un Contratto di licenza con l&#8217;utente finale (&#8220;EULA&#8221;) o un Contratto di abbonamento con l&#8217;utente finale (&#8220;EUSA&#8221;) che \u00e8 in conflitto con le presenti Condizioni d&#8217;uso, tale EULA o EUSA regolano il conflitto.<\/p>\n\n\n\n<p>Separabilit\u00e0 &#8211; Se un tribunale o un giudice della giurisdizione competente dovesse ritenere una qualsiasi delle disposizioni delle presenti Condizioni d&#8217;uso non valida o non applicabile, tali disposizioni saranno separabili dal resto delle presenti Condizioni d&#8217;uso e non causeranno l&#8217;invalidit\u00e0 o l&#8217;inapplicabilit\u00e0 del resto delle presenti Condizioni d&#8217;uso.<\/p>\n\n\n\n<p>Legge e giurisdizione &#8211; Le presenti Condizioni d&#8217;uso saranno disciplinate e interpretate in conformit\u00e0 alla legge della California, senza tener conto dei principi di conflitto di leggi. Qualsiasi controversia relativa alle presenti Condizioni d&#8217;uso sar\u00e0 soggetta alla giurisdizione esclusiva dei tribunali statali e federali della California.<\/p>\n\n\n\n<p>I nostri dati di contatto &#8211; Potete contattarci via e-mail attraverso la pagina &#8220;Contatti&#8221; del nostro sito web: <a href=\"https:\/\/vas.com\/it\/contact\/\">https:\/\/vas.com\/it\/contact\/<\/a> <\/p>\n","protected":false},"excerpt":{"rendered":"<p>Condizioni d&#8217;uso del sito web di VAS La nostra missione La missione di VAS \u00e8 aiutarvi a creare un&#8217;impresa di maggior valore. Ci impegniamo a lavorare con voi per aiutarvi a raggiungere i vostri obiettivi. In poche parole, la nostra attivit\u00e0 consiste nell&#8217;aiutarvi a migliorare la vostra. Lo facciamo, in parte, aiutandovi a creare valore [&hellip;]<\/p>\n","protected":false},"author":2,"featured_media":0,"parent":0,"menu_order":0,"comment_status":"closed","ping_status":"closed","template":"","meta":{"_acf_changed":false,"content-type":"","inline_featured_image":false,"footnotes":""},"class_list":["post-18781","page","type-page","status-publish","hentry"],"yoast_head":"<!-- This site is optimized with the Yoast SEO plugin v26.7 - https:\/\/yoast.com\/wordpress\/plugins\/seo\/ -->\n<title>Condizioni d&#039;uso - VAS - IT - vas.com\/it - ID:6<\/title>\n<meta name=\"robots\" content=\"index, follow, max-snippet:-1, max-image-preview:large, max-video-preview:-1\" \/>\n<link rel=\"canonical\" href=\"https:\/\/vas.com\/it\/condizioni-d-uso\/\" \/>\n<meta property=\"og:locale\" content=\"en_US\" \/>\n<meta property=\"og:type\" content=\"article\" \/>\n<meta property=\"og:title\" content=\"Condizioni d&#039;uso - VAS - IT - vas.com\/it - ID:6\" \/>\n<meta property=\"og:description\" content=\"Condizioni d&#8217;uso del sito web di VAS La nostra missione La missione di VAS \u00e8 aiutarvi a creare un&#8217;impresa di maggior valore. Ci impegniamo a lavorare con voi per aiutarvi a raggiungere i vostri obiettivi. In poche parole, la nostra attivit\u00e0 consiste nell&#8217;aiutarvi a migliorare la vostra. Lo facciamo, in parte, aiutandovi a creare valore [&hellip;]\" \/>\n<meta property=\"og:url\" content=\"https:\/\/vas.com\/it\/condizioni-d-uso\/\" \/>\n<meta property=\"og:site_name\" content=\"VAS - IT - vas.com\/it - ID:6\" \/>\n<meta property=\"article:modified_time\" content=\"2023-12-06T15:40:16+00:00\" \/>\n<meta name=\"twitter:card\" content=\"summary_large_image\" \/>\n<meta name=\"twitter:label1\" content=\"Est. reading time\" \/>\n\t<meta name=\"twitter:data1\" content=\"7 minutes\" \/>\n<script type=\"application\/ld+json\" class=\"yoast-schema-graph\">{\"@context\":\"https:\/\/schema.org\",\"@graph\":[{\"@type\":\"WebPage\",\"@id\":\"https:\/\/vas.com\/it\/condizioni-d-uso\/\",\"url\":\"https:\/\/vas.com\/it\/condizioni-d-uso\/\",\"name\":\"Condizioni d'uso - VAS - IT - vas.com\/it - ID:6\",\"isPartOf\":{\"@id\":\"https:\/\/vas.com\/it\/#website\"},\"datePublished\":\"2021-05-14T22:09:20+00:00\",\"dateModified\":\"2023-12-06T15:40:16+00:00\",\"breadcrumb\":{\"@id\":\"https:\/\/vas.com\/it\/condizioni-d-uso\/#breadcrumb\"},\"inLanguage\":\"en-US\",\"potentialAction\":[{\"@type\":\"ReadAction\",\"target\":[\"https:\/\/vas.com\/it\/condizioni-d-uso\/\"]}]},{\"@type\":\"BreadcrumbList\",\"@id\":\"https:\/\/vas.com\/it\/condizioni-d-uso\/#breadcrumb\",\"itemListElement\":[{\"@type\":\"ListItem\",\"position\":1,\"name\":\"Home\",\"item\":\"https:\/\/vas.com\/it\/\"},{\"@type\":\"ListItem\",\"position\":2,\"name\":\"Condizioni d&#8217;uso\"}]},{\"@type\":\"WebSite\",\"@id\":\"https:\/\/vas.com\/it\/#website\",\"url\":\"https:\/\/vas.com\/it\/\",\"name\":\"VAS - IT - vas.com\/it - ID:6\",\"description\":\"At The Heart Of Your Dairy\",\"potentialAction\":[{\"@type\":\"SearchAction\",\"target\":{\"@type\":\"EntryPoint\",\"urlTemplate\":\"https:\/\/vas.com\/it\/?s={search_term_string}\"},\"query-input\":{\"@type\":\"PropertyValueSpecification\",\"valueRequired\":true,\"valueName\":\"search_term_string\"}}],\"inLanguage\":\"en-US\"}]}<\/script>\n<!-- \/ Yoast SEO plugin. -->","yoast_head_json":{"title":"Condizioni d'uso - VAS - IT - vas.com\/it - ID:6","robots":{"index":"index","follow":"follow","max-snippet":"max-snippet:-1","max-image-preview":"max-image-preview:large","max-video-preview":"max-video-preview:-1"},"canonical":"https:\/\/vas.com\/it\/condizioni-d-uso\/","og_locale":"en_US","og_type":"article","og_title":"Condizioni d'uso - VAS - IT - vas.com\/it - ID:6","og_description":"Condizioni d&#8217;uso del sito web di VAS La nostra missione La missione di VAS \u00e8 aiutarvi a creare un&#8217;impresa di maggior valore. Ci impegniamo a lavorare con voi per aiutarvi a raggiungere i vostri obiettivi. In poche parole, la nostra attivit\u00e0 consiste nell&#8217;aiutarvi a migliorare la vostra. Lo facciamo, in parte, aiutandovi a creare valore [&hellip;]","og_url":"https:\/\/vas.com\/it\/condizioni-d-uso\/","og_site_name":"VAS - IT - vas.com\/it - ID:6","article_modified_time":"2023-12-06T15:40:16+00:00","twitter_card":"summary_large_image","twitter_misc":{"Est. reading time":"7 minutes"},"schema":{"@context":"https:\/\/schema.org","@graph":[{"@type":"WebPage","@id":"https:\/\/vas.com\/it\/condizioni-d-uso\/","url":"https:\/\/vas.com\/it\/condizioni-d-uso\/","name":"Condizioni d'uso - VAS - IT - vas.com\/it - ID:6","isPartOf":{"@id":"https:\/\/vas.com\/it\/#website"},"datePublished":"2021-05-14T22:09:20+00:00","dateModified":"2023-12-06T15:40:16+00:00","breadcrumb":{"@id":"https:\/\/vas.com\/it\/condizioni-d-uso\/#breadcrumb"},"inLanguage":"en-US","potentialAction":[{"@type":"ReadAction","target":["https:\/\/vas.com\/it\/condizioni-d-uso\/"]}]},{"@type":"BreadcrumbList","@id":"https:\/\/vas.com\/it\/condizioni-d-uso\/#breadcrumb","itemListElement":[{"@type":"ListItem","position":1,"name":"Home","item":"https:\/\/vas.com\/it\/"},{"@type":"ListItem","position":2,"name":"Condizioni d&#8217;uso"}]},{"@type":"WebSite","@id":"https:\/\/vas.com\/it\/#website","url":"https:\/\/vas.com\/it\/","name":"VAS - IT - vas.com\/it - ID:6","description":"At The Heart Of Your Dairy","potentialAction":[{"@type":"SearchAction","target":{"@type":"EntryPoint","urlTemplate":"https:\/\/vas.com\/it\/?s={search_term_string}"},"query-input":{"@type":"PropertyValueSpecification","valueRequired":true,"valueName":"search_term_string"}}],"inLanguage":"en-US"}]}},"acf":[],"_links":{"self":[{"href":"https:\/\/vas.com\/it\/wp-json\/wp\/v2\/pages\/18781","targetHints":{"allow":["GET"]}}],"collection":[{"href":"https:\/\/vas.com\/it\/wp-json\/wp\/v2\/pages"}],"about":[{"href":"https:\/\/vas.com\/it\/wp-json\/wp\/v2\/types\/page"}],"author":[{"embeddable":true,"href":"https:\/\/vas.com\/it\/wp-json\/wp\/v2\/users\/2"}],"replies":[{"embeddable":true,"href":"https:\/\/vas.com\/it\/wp-json\/wp\/v2\/comments?post=18781"}],"version-history":[{"count":0,"href":"https:\/\/vas.com\/it\/wp-json\/wp\/v2\/pages\/18781\/revisions"}],"wp:attachment":[{"href":"https:\/\/vas.com\/it\/wp-json\/wp\/v2\/media?parent=18781"}],"curies":[{"name":"wp","href":"https:\/\/api.w.org\/{rel}","templated":true}]}}