{"id":18781,"date":"2021-05-14T22:09:20","date_gmt":"2021-05-14T22:09:20","guid":{"rendered":"https:\/\/vas-website.local\/de\/?page_id=18781"},"modified":"2023-12-21T16:28:31","modified_gmt":"2023-12-21T16:28:31","slug":"nutzungsbedingungen","status":"publish","type":"page","link":"https:\/\/vas.com\/de\/nutzungsbedingungen\/","title":{"rendered":"Nutzungsbedingungen"},"content":{"rendered":"\t\t<div data-elementor-type=\"wp-page\" data-elementor-id=\"18781\" class=\"elementor elementor-18781\" data-elementor-post-type=\"page\">\n\t\t\t\t\t\t<section data-particle_enable=\"false\" data-particle-mobile-disabled=\"false\" class=\"elementor-section elementor-top-section elementor-element elementor-element-2376da33 elementor-section-boxed elementor-section-height-default elementor-section-height-default\" data-id=\"2376da33\" data-element_type=\"section\">\n\t\t\t\t\t\t<div class=\"elementor-container elementor-column-gap-default\">\n\t\t\t\t\t<div class=\"elementor-column elementor-col-100 elementor-top-column elementor-element elementor-element-1b5668d2\" data-id=\"1b5668d2\" data-element_type=\"column\">\n\t\t\t<div class=\"elementor-widget-wrap elementor-element-populated\">\n\t\t\t\t\t\t<div class=\"elementor-element elementor-element-988b793 elementor-widget elementor-widget-heading\" data-id=\"988b793\" data-element_type=\"widget\" data-widget_type=\"heading.default\">\n\t\t\t\t<div class=\"elementor-widget-container\">\n\t\t\t\t\t<h3 class=\"elementor-heading-title elementor-size-default\">IMPRESSUM &amp; ALLGEMEINE GESCH\u00c4FTSBEDINGUNGEN<\/h3>\t\t\t\t<\/div>\n\t\t\t\t<\/div>\n\t\t\t\t<div class=\"elementor-element elementor-element-51ebcda9 elementor-widget elementor-widget-text-editor\" data-id=\"51ebcda9\" data-element_type=\"widget\" data-widget_type=\"text-editor.default\">\n\t\t\t\t<div class=\"elementor-widget-container\">\n\t\t\t\t\t\t\t\t\t\n<p><strong>Unsere Mission:<\/strong><\/p>\n<p>Unsere Mission bei VAS ist es, Ihnen zu helfen, ein wertvolleres Gesch\u00e4ft zu schaffen. Wir engagieren uns gemeinsam mit Ihnen, damit Sie Ihre Ziele erreichen. Einfach ausgedr\u00fcckt, unser Unternehmen hilft Ihnen, Ihren Betrieb zu verbessern. Wir tun dies teilweise, indem wir Ihnen helfen, aus den Daten, die Sie uns durch unsere Software und Dienstleistungen zur Verf\u00fcgung stellen, einen Mehrwert zu schaffen.<\/p>\n<p>VAS ist sich bewusst, wie wichtig Ihnen Ihre Privatsph\u00e4re und Ihre Daten sind. Und wir sind bestrebt, die Privatsph\u00e4re Ihrer Daten und der Informationen, die VAS und Sie teilen, zu sch\u00fctzen. Wir nehmen Ihre Privatsph\u00e4re und Ihr Dateneigentum ernst.<\/p>\n<p>Unser Engagement f\u00fcr den Schutz von Daten und Privatsph\u00e4re beinhaltet unsere Erwartungen an Sie und andere bei der Nutzung unserer Website.<\/p>\n<p>Unsere Website dient uns als Ort, an dem wir ein Gespr\u00e4ch dar\u00fcber beginnen k\u00f6nnen, wie VAS helfen kann: Es ist ein Ort, an dem Sie erfahren k\u00f6nnen, wie wir Ihnen helfen k\u00f6nnen, Ihr Unternehmen zu verbessern, und an dem wir mit Ihnen die beeindruckenden Innovationen und Dienstleistungen teilen k\u00f6nnen, die wir schaffen, damit Ihr Betrieb wachsen und sich weiterentwickeln kann.<\/p>\n<p>Um jedoch sicherzustellen, dass unsere Website dieser Funktion gerecht werden kann, ben\u00f6tigt VAS die folgenden Nutzungsbedingungen, um sich selbst und alle Nutzer der Website vor sch\u00e4dlichen, beleidigenden oder ausbeuterischen Aktivit\u00e4ten zu sch\u00fctzen.<\/p>\n<p>Diese Nutzungsbedingungen sind Teil unseres st\u00e4ndigen Engagements f\u00fcr Transparenz, Dateneigentum und Datenschutz. Es legt die Bedingungen und Konditionen fest, um Ihnen zu helfen, die Details Ihrer und der Rechte und Pflichten von VAS zu verstehen. Es geht um Folgendes:<\/p>\n<ul>\n<li>Aufnahme neuer und robusterer Datenschutzrichtlinien zum Schutz von Daten und Privatsph\u00e4re<\/li>\n<li>Schutz der Website, Software und des Systems von VAS<\/li>\n<li>Verhaltensstandards zum Schutz aller Website-Benutzer<\/li>\n<li>Kontaktinformationen<\/li>\n<li>Zusammenhang zwischen diesen Nutzungsbedingungen und Endbenutzervereinbarungen<\/li>\n<\/ul>\n<p><strong>Nutzungsbedingungen<\/strong><\/p>\n<p>Einf\u00fchrung \u2013 Diese Nutzungsbedingungen regeln die Nutzung unserer Website; mit der Nutzung unserer Website akzeptieren Sie diese Nutzungsbedingungen in vollem Umfang. Wenn Sie mit einem Teil davon nicht einverstanden sind, d\u00fcrfen Sie unsere Website nicht nutzen.<\/p>\n<p>Eigentum der Website \u2013 Diese Website ist Eigentum von Valley Agricultural Software, Inc. oder VAS, einem kalifornischen Unternehmen.<\/p>\n<p>Rechte an geistigem Eigentum \u2013 Sofern nicht anders angegeben, besitzen wir oder unsere Lizenzgeber die Rechte an geistigem Eigentum auf dieser Website und Material auf dieser Website. Vorbehaltlich der untenstehenden Lizenz sind alle unsere geistigen Eigentumsrechte vorbehalten.<\/p>\n<p>Lizenz zur Nutzung der Website \u2013 Sie d\u00fcrfen die Website nur f\u00fcr Zwischenspeicherungszwecke anzeigen, herunterladen und Seiten von der Website ausdrucken, vorausgesetzt, dass:<\/p>\n<p>Sie d\u00fcrfen kein Material von dieser Website (einschlie\u00dflich der Wiederver\u00f6ffentlichung auf einer anderen Website) erneut ver\u00f6ffentlichen oder Material von dieser Website in einem \u00f6ffentlichen oder privaten elektronischen Abrufsystem reproduzieren oder speichern; und<\/p>\n<p>Sie d\u00fcrfen unsere Website oder unser Material auf unserer Website ohne unsere ausdr\u00fcckliche schriftliche Genehmigung nicht f\u00fcr kommerzielle Zwecke vervielf\u00e4ltigen, kopieren, verkaufen, weiterverkaufen, besuchen, teilen oder anderweitig nutzen.<\/p>\n<p>Haftungsbeschr\u00e4nkungen \u2013 Die Informationen auf dieser Website werden kostenlos zur Verf\u00fcgung gestellt, und Sie erkennen an, dass es unangemessen w\u00e4re, uns in Bezug auf diese Website und die Informationen auf dieser Website haftbar zu machen.<\/p>\n<p>Obwohl wir uns bem\u00fchen, sicherzustellen, dass die Informationen auf dieser Website korrekt sind, \u00fcbernehmen wir keine Garantie f\u00fcr ihre Vollst\u00e4ndigkeit oder Richtigkeit; wir verpflichten uns auch nicht, daf\u00fcr zu sorgen, dass die Website verf\u00fcgbar bleibt oder dass das Material auf dieser Website auf dem neuesten Stand gehalten wird.<\/p>\n<p>Im gr\u00f6\u00dftm\u00f6glichen Umfang, der durch das geltende Recht zul\u00e4ssig ist, schlie\u00dfen wir alle Zusicherungen, Gew\u00e4hrleistungen und Bedingungen aus (einschlie\u00dflich, aber nicht beschr\u00e4nkt auf die gesetzlich vorgeschriebenen Bedingungen f\u00fcr zufriedenstellende Qualit\u00e4t, Eignung f\u00fcr den Zweck und den Einsatz angemessener Sorgfalt und Kompetenz).<\/p>\n<p>Unsere Haftung ist begrenzt und ausgeschlossen, soweit dies nach geltendem Recht zul\u00e4ssig ist. Wir haften nicht f\u00fcr direkte, indirekte oder Folgesch\u00e4den, die sich aus diesem Haftungsausschluss oder in Verbindung mit unserer Website ergeben, sei es aus unerlaubter Handlung, Vertrag oder anderweitig \u2013 einschlie\u00dflich, aber nicht beschr\u00e4nkt auf entgangenen Gewinn, Vertr\u00e4ge, Gesch\u00e4fte, Goodwill, Daten, Einkommen, Einnahmen oder erwartete Einsparungen.<\/p>\n<p>Sie stellen VAS und seine derzeitigen und ehemaligen F\u00fchrungskr\u00e4fte, Direktoren, Mitarbeiter, Eltern, Tochtergesellschaften und andere verbundene Personen und Unternehmen von allen Anspr\u00fcchen frei, auch wenn sie nicht offengelegt oder unbekannt sind, die sich aus Ihrer Nutzung dieser Website ergeben. Sie verzichten auch auf alle rechtlichen Schutzma\u00dfnahmen, die die allgemeinen Freisetzungen in Bezug auf diese Freisetzung einschr\u00e4nken, einschlie\u00dflich des California Civil Code \u00a7 1542, in dem es hei\u00dft: \u201cEine allgemeine Freistellung erstreckt sich nicht auf Anspr\u00fcche, von denen der Gl\u00e4ubiger zum Zeitpunkt der Ausf\u00fchrung der Freistellung nicht wei\u00df oder vermutet, dass sie zu seinen Gunsten bestehen, was, wenn er oder sie ihm bekannt ist, seine Einigung mit dem Schuldner wesentlich beeinflusst haben muss\u201d.<\/p>\n<p>Nichts in diesem Haftungsausschluss schlie\u00dft oder begrenzt unsere Haftung f\u00fcr Betrug, Tod oder K\u00f6rperverletzung, die durch unsere Fahrl\u00e4ssigkeit verursacht wurden, oder f\u00fcr jede andere Haftung aus, die nach geltendem Recht nicht ausgeschlossen oder beschr\u00e4nkt werden kann.<\/p>\n<p>\u00a0<\/p>\n<p>Nutzungsbeschr\u00e4nkungen \u2013 Sie m\u00fcssen diese Website unter den folgenden Einschr\u00e4nkungen nutzen:<\/p>\n<p>\u00a0<\/p>\n<p>Sie d\u00fcrfen unsere Website nicht in einer Weise nutzen, die Sch\u00e4den an der Website oder Beeintr\u00e4chtigungen der Verf\u00fcgbarkeit oder Zug\u00e4nglichkeit der Website verursacht oder verursachen kann.<\/p>\n<p>Sie d\u00fcrfen unsere Website nicht in einer Weise nutzen, die rechtswidrig, illegal, betr\u00fcgerisch oder sch\u00e4dlich ist, oder in Verbindung mit einem rechtswidrigen, illegalen, betr\u00fcgerischen oder sch\u00e4dlichen Zweck oder einer Aktivit\u00e4t auftritt.<\/p>\n<p>Sie d\u00fcrfen unsere Website ohne unsere ausdr\u00fcckliche schriftliche Zustimmung nicht f\u00fcr Marketingzwecke nutzen.<\/p>\n<p>Sie d\u00fcrfen unsere Website nicht zum Kopieren, Ver\u00f6ffentlichen oder Versenden von Massenmailings oder Spam nutzen.<\/p>\n<p>Sie d\u00fcrfen unsere Website nicht nutzen, um illegales oder rechtswidriges Material zu kopieren, zu ver\u00f6ffentlichen oder zu senden, oder Material, das nach englischem und anderem geltendem Recht rechtliche Schritte einleiten k\u00f6nnte. Alle Materialien, die Sie \u00fcber unsere Website kopieren, ver\u00f6ffentlichen oder senden, d\u00fcrfen nicht diffamierend, obsz\u00f6n, unanst\u00e4ndig, hasserf\u00fcllt, diskriminierend oder aufr\u00fchrerisch sein; auch d\u00fcrfen keine Materialien die geistigen Eigentumsrechte oder Vertrauensrechte einer Person verletzen, die Privatsph\u00e4re einer Person verletzen oder zur Begehung eines Verbrechens anregen; au\u00dferdem darf kein Material irref\u00fchrend, tr\u00fcgerisch, pornographisch, bedrohlich, beleidigend, bel\u00e4stigend oder bedrohlich sein.<\/p>\n<p>Wir behalten uns das Recht vor, das auf unserer Website ver\u00f6ffentlichte Material zu bearbeiten oder zu entfernen.<\/p>\n<p>Wir k\u00f6nnen die Ma\u00dfnahmen ergreifen, die wir f\u00fcr angemessen halten, um die Ver\u00f6ffentlichung von ungeeignetem Material zu behandeln, einschlie\u00dflich der Suspendierung oder K\u00fcndigung Ihres Kontos, der Einschr\u00e4nkung Ihres Zugangs zu unserer Website oder der Einleitung von Gerichtsverfahren gegen Sie.<\/p>\n<p>In Bezug auf alle Materialien, die Sie auf unserer Website ver\u00f6ffentlichen, gew\u00e4hren Sie uns eine weltweite, unwiderrufliche, nicht ausschlie\u00dfliche, geb\u00fchrenfreie Lizenz zur Nutzung, Vervielf\u00e4ltigung, Anpassung, Ver\u00f6ffentlichung, \u00dcbersetzung und Verteilung dieser Materialien in allen Medien sowie das Recht, diese Rechte an Dritte zu vergeben.<\/p>\n<p>Sie k\u00f6nnen kein Data Scraping oder Data Mining auf der Website oder eine andere Technik oder Methode zum Entnehmen von Daten jeglicher Art von der Website verwenden, einschlie\u00dflich Web Scraping, Web Harvesting oder Web-Data Extraktion.<\/p>\n<p>Datenschutz \u2013 VAS unterh\u00e4lt eine VAS-Datenschutzrichtlinie, die sie auf dieser Website ver\u00f6ffentlicht. Sie ist durch Verweis in diese Nutzungsbedingungen aufgenommen. Die VAS-Datenschutzrichtlinie wird von Zeit zu Zeit aktualisiert, bitte \u00fcberpr\u00fcfen Sie diese Website auf \u00c4nderungen: https:\/\/globalvas.wpengine.com\/de\/datenschutzerklarung\/<\/p>\n<p>Websites Dritter \u2013 Diese Website enth\u00e4lt Links zu anderen Websites. Wir sind nicht verantwortlich f\u00fcr den Inhalt von Websites Dritter.<\/p>\n<p>Abweichung \u2013 Wir k\u00f6nnen diese Nutzungsbedingungen von Zeit zu Zeit \u00fcberarbeiten. Bitte \u00fcberpr\u00fcfen Sie diese Seite regelm\u00e4\u00dfig, um sicherzustellen, dass Sie mit der aktuellen Version vertraut sind.<\/p>\n<p>Vollst\u00e4ndige Vereinbarung \u2013 Diese Nutzungsbedingungen stellen die gesamte Vereinbarung zwischen Ihnen und uns in Bezug auf Ihre Nutzung unserer Website dar und ersetzen alle fr\u00fcheren Vereinbarungen in Bezug auf Ihre Nutzung dieser Website. Wenn Sie jedoch mit VAS eine Endbenutzer-Lizenzvereinbarung (\u201cEULA\u201d) oder eine Endbenutzer-Abonnementvereinbarung (\u201cEUSA\u201d) abgeschlossen haben, die im Widerspruch zu diesen Nutzungsbedingungen steht, dann gilt diese EULA oder EUSA in Bezug auf den Konflikt.<\/p>\n<p>Salvatorische Klausel \u2013 Wenn ein Gericht oder ein Sachverst\u00e4ndiger der zust\u00e4ndigen Gerichtsbarkeit eine der Bestimmungen dieser Nutzungsbedingungen f\u00fcr ung\u00fcltig oder nicht durchsetzbar h\u00e4lt, sind diese Bestimmungen vom Rest dieser Nutzungsbedingungen trennbar und f\u00fchren nicht zur Ung\u00fcltigkeit oder Undurchsetzbarkeit der \u00fcbrigen Bestimmungen dieser Nutzungsbedingungen.<\/p>\n<p>Recht und Gerichtsbarkeit \u2013 Diese Nutzungsbedingungen unterliegen dem Recht von Kalifornien und werden in \u00dcbereinstimmung mit diesem ausgelegt, ohne R\u00fccksicht auf Kollisionsnormen. Alle Streitigkeiten im Zusammenhang mit diesen Nutzungsbedingungen unterliegen der ausschlie\u00dflichen Zust\u00e4ndigkeit der kalifornischen Staats- und Bundesgerichte.<\/p>\n<p>Our contact details \u2013 You can reach us via email via our <a href=\"https:\/\/vas.com\/de\/kontakt\/\" target=\"_blank\" rel=\"noopener\">\u201cContact Us\u201d<\/a> page on our website.\u00a0<\/p>\n\t\t\t\t\t\t\t\t<\/div>\n\t\t\t\t<\/div>\n\t\t\t\t\t<\/div>\n\t\t<\/div>\n\t\t\t\t\t<\/div>\n\t\t<\/section>\n\t\t\t\t<\/div>\n\t\t","protected":false},"excerpt":{"rendered":"<p>IMPRESSUM &#038; ALLGEMEINE GESCH\u00c4FTSBEDINGUNGEN Unsere Mission: Unsere Mission bei VAS ist es, Ihnen zu helfen, ein wertvolleres Gesch\u00e4ft zu schaffen. Wir engagieren uns gemeinsam mit Ihnen, damit Sie Ihre Ziele erreichen. Einfach ausgedr\u00fcckt, unser Unternehmen hilft Ihnen, Ihren Betrieb zu verbessern. Wir tun dies teilweise, indem wir Ihnen helfen, aus den Daten, die Sie uns [&hellip;]<\/p>\n","protected":false},"author":2,"featured_media":0,"parent":0,"menu_order":0,"comment_status":"closed","ping_status":"closed","template":"","meta":{"_acf_changed":false,"content-type":"","inline_featured_image":false,"footnotes":""},"class_list":["post-18781","page","type-page","status-publish","hentry"],"yoast_head":"<!-- This site is optimized with the Yoast SEO plugin v26.7 - https:\/\/yoast.com\/wordpress\/plugins\/seo\/ -->\n<title>Nutzungsbedingungen - VAS<\/title>\n<meta name=\"robots\" content=\"index, follow, max-snippet:-1, max-image-preview:large, max-video-preview:-1\" \/>\n<link rel=\"canonical\" href=\"https:\/\/vas.com\/de\/nutzungsbedingungen\/\" \/>\n<meta property=\"og:locale\" content=\"en_US\" \/>\n<meta property=\"og:type\" content=\"article\" \/>\n<meta property=\"og:title\" content=\"Nutzungsbedingungen - VAS\" \/>\n<meta property=\"og:description\" content=\"IMPRESSUM &#038; ALLGEMEINE GESCH\u00c4FTSBEDINGUNGEN Unsere Mission: Unsere Mission bei VAS ist es, Ihnen zu helfen, ein wertvolleres Gesch\u00e4ft zu schaffen. Wir engagieren uns gemeinsam mit Ihnen, damit Sie Ihre Ziele erreichen. Einfach ausgedr\u00fcckt, unser Unternehmen hilft Ihnen, Ihren Betrieb zu verbessern. Wir tun dies teilweise, indem wir Ihnen helfen, aus den Daten, die Sie uns [&hellip;]\" \/>\n<meta property=\"og:url\" content=\"https:\/\/vas.com\/de\/nutzungsbedingungen\/\" \/>\n<meta property=\"og:site_name\" content=\"VAS\" \/>\n<meta property=\"article:modified_time\" content=\"2023-12-21T16:28:31+00:00\" \/>\n<meta name=\"twitter:card\" content=\"summary_large_image\" \/>\n<meta name=\"twitter:label1\" content=\"Est. reading time\" \/>\n\t<meta name=\"twitter:data1\" content=\"6 minutes\" \/>\n<script type=\"application\/ld+json\" class=\"yoast-schema-graph\">{\"@context\":\"https:\/\/schema.org\",\"@graph\":[{\"@type\":\"WebPage\",\"@id\":\"https:\/\/vas.com\/de\/nutzungsbedingungen\/\",\"url\":\"https:\/\/vas.com\/de\/nutzungsbedingungen\/\",\"name\":\"Nutzungsbedingungen - VAS\",\"isPartOf\":{\"@id\":\"https:\/\/vas.com\/de\/#website\"},\"datePublished\":\"2021-05-14T22:09:20+00:00\",\"dateModified\":\"2023-12-21T16:28:31+00:00\",\"breadcrumb\":{\"@id\":\"https:\/\/vas.com\/de\/nutzungsbedingungen\/#breadcrumb\"},\"inLanguage\":\"en-US\",\"potentialAction\":[{\"@type\":\"ReadAction\",\"target\":[\"https:\/\/vas.com\/de\/nutzungsbedingungen\/\"]}]},{\"@type\":\"BreadcrumbList\",\"@id\":\"https:\/\/vas.com\/de\/nutzungsbedingungen\/#breadcrumb\",\"itemListElement\":[{\"@type\":\"ListItem\",\"position\":1,\"name\":\"Home\",\"item\":\"https:\/\/vas.com\/de\/\"},{\"@type\":\"ListItem\",\"position\":2,\"name\":\"Nutzungsbedingungen\"}]},{\"@type\":\"WebSite\",\"@id\":\"https:\/\/vas.com\/de\/#website\",\"url\":\"https:\/\/vas.com\/de\/\",\"name\":\"VAS\",\"description\":\"At The Heart Of Your Dairy\",\"publisher\":{\"@id\":\"https:\/\/vas.com\/de\/#organization\"},\"potentialAction\":[{\"@type\":\"SearchAction\",\"target\":{\"@type\":\"EntryPoint\",\"urlTemplate\":\"https:\/\/vas.com\/de\/?s={search_term_string}\"},\"query-input\":{\"@type\":\"PropertyValueSpecification\",\"valueRequired\":true,\"valueName\":\"search_term_string\"}}],\"inLanguage\":\"en-US\"},{\"@type\":\"Organization\",\"@id\":\"https:\/\/vas.com\/de\/#organization\",\"name\":\"VAS\",\"url\":\"https:\/\/vas.com\/de\/\",\"logo\":{\"@type\":\"ImageObject\",\"inLanguage\":\"en-US\",\"@id\":\"https:\/\/vas.com\/de\/#\/schema\/logo\/image\/\",\"url\":\"https:\/\/vas.com\/de\/wp-content\/uploads\/sites\/3\/2024\/01\/VAS_DC.svg\",\"contentUrl\":\"https:\/\/vas.com\/de\/wp-content\/uploads\/sites\/3\/2024\/01\/VAS_DC.svg\",\"caption\":\"VAS\"},\"image\":{\"@id\":\"https:\/\/vas.com\/de\/#\/schema\/logo\/image\/\"}}]}<\/script>\n<!-- \/ Yoast SEO plugin. -->","yoast_head_json":{"title":"Nutzungsbedingungen - VAS","robots":{"index":"index","follow":"follow","max-snippet":"max-snippet:-1","max-image-preview":"max-image-preview:large","max-video-preview":"max-video-preview:-1"},"canonical":"https:\/\/vas.com\/de\/nutzungsbedingungen\/","og_locale":"en_US","og_type":"article","og_title":"Nutzungsbedingungen - VAS","og_description":"IMPRESSUM &#038; ALLGEMEINE GESCH\u00c4FTSBEDINGUNGEN Unsere Mission: Unsere Mission bei VAS ist es, Ihnen zu helfen, ein wertvolleres Gesch\u00e4ft zu schaffen. Wir engagieren uns gemeinsam mit Ihnen, damit Sie Ihre Ziele erreichen. Einfach ausgedr\u00fcckt, unser Unternehmen hilft Ihnen, Ihren Betrieb zu verbessern. Wir tun dies teilweise, indem wir Ihnen helfen, aus den Daten, die Sie uns [&hellip;]","og_url":"https:\/\/vas.com\/de\/nutzungsbedingungen\/","og_site_name":"VAS","article_modified_time":"2023-12-21T16:28:31+00:00","twitter_card":"summary_large_image","twitter_misc":{"Est. reading time":"6 minutes"},"schema":{"@context":"https:\/\/schema.org","@graph":[{"@type":"WebPage","@id":"https:\/\/vas.com\/de\/nutzungsbedingungen\/","url":"https:\/\/vas.com\/de\/nutzungsbedingungen\/","name":"Nutzungsbedingungen - VAS","isPartOf":{"@id":"https:\/\/vas.com\/de\/#website"},"datePublished":"2021-05-14T22:09:20+00:00","dateModified":"2023-12-21T16:28:31+00:00","breadcrumb":{"@id":"https:\/\/vas.com\/de\/nutzungsbedingungen\/#breadcrumb"},"inLanguage":"en-US","potentialAction":[{"@type":"ReadAction","target":["https:\/\/vas.com\/de\/nutzungsbedingungen\/"]}]},{"@type":"BreadcrumbList","@id":"https:\/\/vas.com\/de\/nutzungsbedingungen\/#breadcrumb","itemListElement":[{"@type":"ListItem","position":1,"name":"Home","item":"https:\/\/vas.com\/de\/"},{"@type":"ListItem","position":2,"name":"Nutzungsbedingungen"}]},{"@type":"WebSite","@id":"https:\/\/vas.com\/de\/#website","url":"https:\/\/vas.com\/de\/","name":"VAS","description":"At The Heart Of Your Dairy","publisher":{"@id":"https:\/\/vas.com\/de\/#organization"},"potentialAction":[{"@type":"SearchAction","target":{"@type":"EntryPoint","urlTemplate":"https:\/\/vas.com\/de\/?s={search_term_string}"},"query-input":{"@type":"PropertyValueSpecification","valueRequired":true,"valueName":"search_term_string"}}],"inLanguage":"en-US"},{"@type":"Organization","@id":"https:\/\/vas.com\/de\/#organization","name":"VAS","url":"https:\/\/vas.com\/de\/","logo":{"@type":"ImageObject","inLanguage":"en-US","@id":"https:\/\/vas.com\/de\/#\/schema\/logo\/image\/","url":"https:\/\/vas.com\/de\/wp-content\/uploads\/sites\/3\/2024\/01\/VAS_DC.svg","contentUrl":"https:\/\/vas.com\/de\/wp-content\/uploads\/sites\/3\/2024\/01\/VAS_DC.svg","caption":"VAS"},"image":{"@id":"https:\/\/vas.com\/de\/#\/schema\/logo\/image\/"}}]}},"acf":[],"_links":{"self":[{"href":"https:\/\/vas.com\/de\/wp-json\/wp\/v2\/pages\/18781","targetHints":{"allow":["GET"]}}],"collection":[{"href":"https:\/\/vas.com\/de\/wp-json\/wp\/v2\/pages"}],"about":[{"href":"https:\/\/vas.com\/de\/wp-json\/wp\/v2\/types\/page"}],"author":[{"embeddable":true,"href":"https:\/\/vas.com\/de\/wp-json\/wp\/v2\/users\/2"}],"replies":[{"embeddable":true,"href":"https:\/\/vas.com\/de\/wp-json\/wp\/v2\/comments?post=18781"}],"version-history":[{"count":0,"href":"https:\/\/vas.com\/de\/wp-json\/wp\/v2\/pages\/18781\/revisions"}],"wp:attachment":[{"href":"https:\/\/vas.com\/de\/wp-json\/wp\/v2\/media?parent=18781"}],"curies":[{"name":"wp","href":"https:\/\/api.w.org\/{rel}","templated":true}]}}